{"id":2311,"date":"2019-09-15T17:33:00","date_gmt":"2019-09-15T15:33:00","guid":{"rendered":"https:\/\/www.jardins-romegas-provence.com\/actus\/"},"modified":"2022-06-13T10:40:01","modified_gmt":"2022-06-13T08:40:01","slug":"news","status":"publish","type":"page","link":"https:\/\/www.jardins-romegas-provence.com\/en\/news\/","title":{"rendered":"News"},"content":{"rendered":"\t\t<div data-elementor-type=\"wp-page\" data-elementor-id=\"2311\" class=\"elementor elementor-2311 elementor-743\">\n\t\t\t\t\t\t<section class=\"elementor-section elementor-top-section elementor-element elementor-element-c0a3839 anchor-header-section elementor-section-boxed elementor-section-height-default elementor-section-height-default\" data-id=\"c0a3839\" data-element_type=\"section\">\n\t\t\t\t\t\t<div class=\"elementor-container elementor-column-gap-default\">\n\t\t\t\t\t<div class=\"elementor-column elementor-col-100 elementor-top-column elementor-element elementor-element-d4b820e\" data-id=\"d4b820e\" data-element_type=\"column\">\n\t\t\t<div class=\"elementor-widget-wrap elementor-element-populated\">\n\t\t\t\t\t\t<div class=\"elementor-element elementor-element-e86b9c5 elementor-widget elementor-widget-menu-anchor\" data-id=\"e86b9c5\" data-element_type=\"widget\" data-widget_type=\"menu-anchor.default\">\n\t\t\t\t<div class=\"elementor-widget-container\">\n\t\t\t<style>\/*! elementor - v3.22.0 - 24-06-2024 *\/\nbody.elementor-page .elementor-widget-menu-anchor{margin-bottom:0}<\/style>\t\t<div class=\"elementor-menu-anchor\" id=\"back-to-top\"><\/div>\n\t\t\t\t<\/div>\n\t\t\t\t<\/div>\n\t\t\t\t\t<\/div>\n\t\t<\/div>\n\t\t\t\t\t<\/div>\n\t\t<\/section>\n\t\t\t\t<section class=\"elementor-section elementor-top-section elementor-element elementor-element-1b0a5d33 elementor-section-height-min-height elementor-section-boxed elementor-section-height-default elementor-section-items-middle\" data-id=\"1b0a5d33\" data-element_type=\"section\" data-settings=\"{&quot;background_background&quot;:&quot;classic&quot;}\">\n\t\t\t\t\t\t\t<div class=\"elementor-background-overlay\"><\/div>\n\t\t\t\t\t\t\t<div class=\"elementor-container elementor-column-gap-default\">\n\t\t\t\t\t<div class=\"elementor-column elementor-col-100 elementor-top-column elementor-element elementor-element-1f841ba\" data-id=\"1f841ba\" data-element_type=\"column\">\n\t\t\t<div class=\"elementor-widget-wrap elementor-element-populated\">\n\t\t\t\t\t\t<div class=\"elementor-element elementor-element-cdc3e96 elementor-widget elementor-widget-image-box\" data-id=\"cdc3e96\" data-element_type=\"widget\" data-widget_type=\"image-box.default\">\n\t\t\t\t<div class=\"elementor-widget-container\">\n\t\t\t<style>\/*! elementor - v3.22.0 - 24-06-2024 *\/\n.elementor-widget-image-box .elementor-image-box-content{width:100%}@media (min-width:768px){.elementor-widget-image-box.elementor-position-left .elementor-image-box-wrapper,.elementor-widget-image-box.elementor-position-right .elementor-image-box-wrapper{display:flex}.elementor-widget-image-box.elementor-position-right .elementor-image-box-wrapper{text-align:end;flex-direction:row-reverse}.elementor-widget-image-box.elementor-position-left .elementor-image-box-wrapper{text-align:start;flex-direction:row}.elementor-widget-image-box.elementor-position-top .elementor-image-box-img{margin:auto}.elementor-widget-image-box.elementor-vertical-align-top .elementor-image-box-wrapper{align-items:flex-start}.elementor-widget-image-box.elementor-vertical-align-middle .elementor-image-box-wrapper{align-items:center}.elementor-widget-image-box.elementor-vertical-align-bottom .elementor-image-box-wrapper{align-items:flex-end}}@media (max-width:767px){.elementor-widget-image-box .elementor-image-box-img{margin-left:auto!important;margin-right:auto!important;margin-bottom:15px}}.elementor-widget-image-box .elementor-image-box-img{display:inline-block}.elementor-widget-image-box .elementor-image-box-title a{color:inherit}.elementor-widget-image-box .elementor-image-box-wrapper{text-align:center}.elementor-widget-image-box .elementor-image-box-description{margin:0}<\/style><div class=\"elementor-image-box-wrapper\"><div class=\"elementor-image-box-content\"><h1 class=\"elementor-image-box-title\">News of the Garden<\/h1><p class=\"elementor-image-box-description\">An exhibition, an open day or any other event...<\/p><\/div><\/div>\t\t<\/div>\n\t\t\t\t<\/div>\n\t\t\t\t\t<\/div>\n\t\t<\/div>\n\t\t\t\t\t<\/div>\n\t\t<\/section>\n\t\t\t\t<section class=\"elementor-section elementor-top-section elementor-element elementor-element-529794a elementor-section-boxed elementor-section-height-default elementor-section-height-default\" data-id=\"529794a\" data-element_type=\"section\">\n\t\t\t\t\t\t<div class=\"elementor-container elementor-column-gap-default\">\n\t\t\t\t\t<div class=\"elementor-column elementor-col-100 elementor-top-column elementor-element elementor-element-3748807\" data-id=\"3748807\" data-element_type=\"column\">\n\t\t\t<div class=\"elementor-widget-wrap elementor-element-populated\">\n\t\t\t\t\t\t<div class=\"elementor-element elementor-element-54e94db elementor-widget elementor-widget-heading\" data-id=\"54e94db\" data-element_type=\"widget\" data-widget_type=\"heading.default\">\n\t\t\t\t<div class=\"elementor-widget-container\">\n\t\t\t<style>\/*! elementor - v3.22.0 - 24-06-2024 *\/\n.elementor-heading-title{padding:0;margin:0;line-height:1}.elementor-widget-heading .elementor-heading-title[class*=elementor-size-]>a{color:inherit;font-size:inherit;line-height:inherit}.elementor-widget-heading .elementor-heading-title.elementor-size-small{font-size:15px}.elementor-widget-heading .elementor-heading-title.elementor-size-medium{font-size:19px}.elementor-widget-heading .elementor-heading-title.elementor-size-large{font-size:29px}.elementor-widget-heading .elementor-heading-title.elementor-size-xl{font-size:39px}.elementor-widget-heading .elementor-heading-title.elementor-size-xxl{font-size:59px}<\/style><h2 class=\"elementor-heading-title elementor-size-default\">All the news from the Rom\u00e9gas Gardens !<\/h2>\t\t<\/div>\n\t\t\t\t<\/div>\n\t\t\t\t<div class=\"elementor-element elementor-element-e416029 elementor-grid-2 elementor-grid-tablet-2 elementor-grid-mobile-1 elementor-widget elementor-widget-elementor-blog-posts\" data-id=\"e416029\" data-element_type=\"widget\" data-settings=\"{&quot;columns&quot;:&quot;2&quot;,&quot;columns_tablet&quot;:&quot;2&quot;,&quot;columns_mobile&quot;:&quot;1&quot;}\" data-widget_type=\"elementor-blog-posts.default\">\n\t\t\t\t<div class=\"elementor-widget-container\">\n\t\t\t\t\t<div class=\"wpcap-grid\">\n\t\t\t\t\t\t<div class=\"wpcap-grid-container elementor-grid wpcap-grid-desktop-2 wpcap-grid-tablet-2 wpcap-grid-mobile-1 grid-meta-bottom\">\n\n\t\t\t\t\n        <article id=\"post-2299\" class=\"wpcap-post post-2299 post type-post status-publish format-standard has-post-thumbnail hentry category-non-classifiee\">\n         \n            <div class=\"post-grid-inner\">\n            \t\n            \t\t\t\t<div class=\"post-grid-thumbnail\">\n\t\t\t\t<a href=\"https:\/\/www.jardins-romegas-provence.com\/en\/heritage-days-2022\/\">\n\t\t\t\t\t<img fetchpriority=\"high\" decoding=\"async\" width=\"300\" height=\"283\" src=\"https:\/\/www.jardins-romegas-provence.com\/wp-content\/uploads\/2023\/09\/ee6569e34bb0-Image-illustration-960x1080-1-300x283.png\" class=\"attachment-medium size-medium wp-post-image\" alt=\"\" srcset=\"https:\/\/www.jardins-romegas-provence.com\/wp-content\/uploads\/2023\/09\/ee6569e34bb0-Image-illustration-960x1080-1-300x283.png 300w, https:\/\/www.jardins-romegas-provence.com\/wp-content\/uploads\/2023\/09\/ee6569e34bb0-Image-illustration-960x1080-1-1024x966.png 1024w, https:\/\/www.jardins-romegas-provence.com\/wp-content\/uploads\/2023\/09\/ee6569e34bb0-Image-illustration-960x1080-1-768x725.png 768w, https:\/\/www.jardins-romegas-provence.com\/wp-content\/uploads\/2023\/09\/ee6569e34bb0-Image-illustration-960x1080-1-100x94.png 100w, https:\/\/www.jardins-romegas-provence.com\/wp-content\/uploads\/2023\/09\/ee6569e34bb0-Image-illustration-960x1080-1-1536x1450.png 1536w, https:\/\/www.jardins-romegas-provence.com\/wp-content\/uploads\/2023\/09\/ee6569e34bb0-Image-illustration-960x1080-1.png 1920w\" sizes=\"(max-width: 300px) 100vw, 300px\" \/>\t\t\t\t<\/a>\n\t\t\t<\/div>\n        \n                <div class=\"post-grid-text-wrap\">\n               \t\t\t\t<h3 class=\"title\">\n\t\t\t<a href=\"https:\/\/www.jardins-romegas-provence.com\/en\/heritage-days-2022\/\">Heritage Days 2025<\/a>\n\t\t<\/h3>\n\t\t\t                \t\t<div class=\"post-grid-excerpt\">\n\t\t\t<p>This edition will take place on Saturday 20 and Sunday 21 September 2025 The Romegas Gardens invite you to meet&hellip;<\/p>\n\t\t<\/div>\n\t\t\t                \t\t<a class=\"read-more-btn\" href=\"https:\/\/www.jardins-romegas-provence.com\/en\/heritage-days-2022\/\">Read more \u00bb<\/a>\n\t\t                <\/div>\n\n                \t\t<div class=\"post-grid-meta\">\n\t\t\t\n\t\t\t\t<span class=\"post-date\"><time datetime=\"2023-09-06T15:24:22+02:00\">6 September 2023<\/time><\/span>\n\n\t\t\t\t\t\t<\/div>\n\t\t\n            <\/div><!-- .blog-inner -->\n           \n        <\/article>\n\n        \n        <article id=\"post-2622\" class=\"wpcap-post post-2622 post type-post status-publish format-standard has-post-thumbnail hentry category-uncategorized\">\n         \n            <div class=\"post-grid-inner\">\n            \t\n            \t\t\t\t<div class=\"post-grid-thumbnail\">\n\t\t\t\t<a href=\"https:\/\/www.jardins-romegas-provence.com\/en\/les-rendez-vous-aux-jardins-2025\/\">\n\t\t\t\t\t<img decoding=\"async\" width=\"300\" height=\"177\" src=\"https:\/\/www.jardins-romegas-provence.com\/wp-content\/uploads\/2023\/05\/les-rendez-vous-aux-jardins-2023-300x177.jpg\" class=\"attachment-medium size-medium wp-post-image\" alt=\"\" srcset=\"https:\/\/www.jardins-romegas-provence.com\/wp-content\/uploads\/2023\/05\/les-rendez-vous-aux-jardins-2023-300x177.jpg 300w, https:\/\/www.jardins-romegas-provence.com\/wp-content\/uploads\/2023\/05\/les-rendez-vous-aux-jardins-2023-1024x604.jpg 1024w, https:\/\/www.jardins-romegas-provence.com\/wp-content\/uploads\/2023\/05\/les-rendez-vous-aux-jardins-2023-768x453.jpg 768w, https:\/\/www.jardins-romegas-provence.com\/wp-content\/uploads\/2023\/05\/les-rendez-vous-aux-jardins-2023-1536x905.jpg 1536w, https:\/\/www.jardins-romegas-provence.com\/wp-content\/uploads\/2023\/05\/les-rendez-vous-aux-jardins-2023.jpg 1900w\" sizes=\"(max-width: 300px) 100vw, 300px\" \/>\t\t\t\t<\/a>\n\t\t\t<\/div>\n        \n                <div class=\"post-grid-text-wrap\">\n               \t\t\t\t<h3 class=\"title\">\n\t\t\t<a href=\"https:\/\/www.jardins-romegas-provence.com\/en\/les-rendez-vous-aux-jardins-2025\/\">Les rendez-vous aux jardins 2025<\/a>\n\t\t<\/h3>\n\t\t\t                \t\t<div class=\"post-grid-excerpt\">\n\t\t\t<p>Cette 22e \u00e9dition aura lieu les vendredi 6, samedi 7 et dimanche 8 juin 2025 Organis\u00e9 par le minist\u00e8re de&hellip;<\/p>\n\t\t<\/div>\n\t\t\t                \t\t<a class=\"read-more-btn\" href=\"https:\/\/www.jardins-romegas-provence.com\/en\/les-rendez-vous-aux-jardins-2025\/\">Read more \u00bb<\/a>\n\t\t                <\/div>\n\n                \t\t<div class=\"post-grid-meta\">\n\t\t\t\n\t\t\t\t<span class=\"post-date\"><time datetime=\"2023-05-31T09:30:21+02:00\">31 May 2023<\/time><\/span>\n\n\t\t\t\t\t\t<\/div>\n\t\t\n            <\/div><!-- .blog-inner -->\n           \n        <\/article>\n\n        \n        <article id=\"post-2292\" class=\"wpcap-post post-2292 post type-post status-publish format-standard has-post-thumbnail hentry category-uncategorized\">\n         \n            <div class=\"post-grid-inner\">\n            \t\n            \t\t\t\t<div class=\"post-grid-thumbnail\">\n\t\t\t\t<a href=\"https:\/\/www.jardins-romegas-provence.com\/en\/the-2022-gardens-s-meetings\/\">\n\t\t\t\t\t<img decoding=\"async\" width=\"300\" height=\"177\" src=\"https:\/\/www.jardins-romegas-provence.com\/wp-content\/uploads\/2022\/04\/les-rendez-vous-aux-jardins-2022-300x177.jpg\" class=\"attachment-medium size-medium wp-post-image\" alt=\"\" srcset=\"https:\/\/www.jardins-romegas-provence.com\/wp-content\/uploads\/2022\/04\/les-rendez-vous-aux-jardins-2022-300x177.jpg 300w, https:\/\/www.jardins-romegas-provence.com\/wp-content\/uploads\/2022\/04\/les-rendez-vous-aux-jardins-2022-1024x604.jpg 1024w, https:\/\/www.jardins-romegas-provence.com\/wp-content\/uploads\/2022\/04\/les-rendez-vous-aux-jardins-2022-768x453.jpg 768w, https:\/\/www.jardins-romegas-provence.com\/wp-content\/uploads\/2022\/04\/les-rendez-vous-aux-jardins-2022-1536x905.jpg 1536w, https:\/\/www.jardins-romegas-provence.com\/wp-content\/uploads\/2022\/04\/les-rendez-vous-aux-jardins-2022.jpg 1900w\" sizes=\"(max-width: 300px) 100vw, 300px\" \/>\t\t\t\t<\/a>\n\t\t\t<\/div>\n        \n                <div class=\"post-grid-text-wrap\">\n               \t\t\t\t<h3 class=\"title\">\n\t\t\t<a href=\"https:\/\/www.jardins-romegas-provence.com\/en\/the-2022-gardens-s-meetings\/\">The 2022 Gardens&#8217;s meetings<\/a>\n\t\t<\/h3>\n\t\t\t                \t\t<div class=\"post-grid-excerpt\">\n\t\t\t<p>Cette 19e \u00e9dition aura lieu les vendredi 3, samedi 4 et dimanche 5 juin 2022 This 19th edition will take&hellip;<\/p>\n\t\t<\/div>\n\t\t\t                \t\t<a class=\"read-more-btn\" href=\"https:\/\/www.jardins-romegas-provence.com\/en\/the-2022-gardens-s-meetings\/\">Read more \u00bb<\/a>\n\t\t                <\/div>\n\n                \t\t<div class=\"post-grid-meta\">\n\t\t\t\n\t\t\t\t<span class=\"post-date\"><time datetime=\"2022-04-15T09:16:25+02:00\">15 April 2022<\/time><\/span>\n\n\t\t\t\t\t\t<\/div>\n\t\t\n            <\/div><!-- .blog-inner -->\n           \n        <\/article>\n\n        \n\t\t\t<\/div>\n\t\t<\/div>\n\t\t\t\t<\/div>\n\t\t\t\t<\/div>\n\t\t\t\t\t<\/div>\n\t\t<\/div>\n\t\t\t\t\t<\/div>\n\t\t<\/section>\n\t\t\t\t<section class=\"elementor-section elementor-top-section elementor-element elementor-element-f138f96 elementor-section-boxed elementor-section-height-default elementor-section-height-default\" data-id=\"f138f96\" data-element_type=\"section\">\n\t\t\t\t\t\t<div class=\"elementor-container elementor-column-gap-default\">\n\t\t\t\t\t<div class=\"elementor-column elementor-col-100 elementor-top-column elementor-element elementor-element-5745835\" data-id=\"5745835\" data-element_type=\"column\">\n\t\t\t<div class=\"elementor-widget-wrap elementor-element-populated\">\n\t\t\t\t\t\t<div class=\"elementor-element elementor-element-ed47179 elementor-widget__width-initial elementor-fixed elementor-view-default elementor-widget elementor-widget-icon\" data-id=\"ed47179\" data-element_type=\"widget\" data-settings=\"{&quot;_position&quot;:&quot;fixed&quot;}\" data-widget_type=\"icon.default\">\n\t\t\t\t<div class=\"elementor-widget-container\">\n\t\t\t\t\t<div class=\"elementor-icon-wrapper\">\n\t\t\t<a class=\"elementor-icon\" href=\"#back-to-top\">\n\t\t\t<i aria-hidden=\"true\" class=\"fas fa-chevron-circle-up\"><\/i>\t\t\t<\/a>\n\t\t<\/div>\n\t\t\t\t<\/div>\n\t\t\t\t<\/div>\n\t\t\t\t\t<\/div>\n\t\t<\/div>\n\t\t\t\t\t<\/div>\n\t\t<\/section>\n\t\t\t\t<\/div>\n\t\t","protected":false},"excerpt":{"rendered":"<p>News of the Garden An exhibition, an open day or any other event&#8230; All the news from the Rom\u00e9gas Gardens ! Heritage Days 2022 This 39th edition will take place on Saturday 17 and Sunday 18 September 2022 The Romegas Gardens invite you to&hellip; Read more \u00bb 15 April 2022 The 2022 Gardens&rsquo;s meetings Cette [&hellip;]<\/p>\n","protected":false},"author":1,"featured_media":0,"parent":0,"menu_order":0,"comment_status":"closed","ping_status":"closed","template":"","meta":{"site-sidebar-layout":"no-sidebar","site-content-layout":"page-builder","ast-site-content-layout":"","site-content-style":"default","site-sidebar-style":"default","ast-global-header-display":"","ast-banner-title-visibility":"","ast-main-header-display":"","ast-hfb-above-header-display":"","ast-hfb-below-header-display":"","ast-hfb-mobile-header-display":"","site-post-title":"disabled","ast-breadcrumbs-content":"","ast-featured-img":"","footer-sml-layout":"","theme-transparent-header-meta":"enabled","adv-header-id-meta":"","stick-header-meta":"","header-above-stick-meta":"","header-main-stick-meta":"","header-below-stick-meta":"","astra-migrate-meta-layouts":"default","ast-page-background-enabled":"default","ast-page-background-meta":{"desktop":{"background-color":"","background-image":"","background-repeat":"repeat","background-position":"center center","background-size":"auto","background-attachment":"scroll","background-type":"","background-media":"","overlay-type":"","overlay-color":"","overlay-opacity":"","overlay-gradient":""},"tablet":{"background-color":"","background-image":"","background-repeat":"repeat","background-position":"center center","background-size":"auto","background-attachment":"scroll","background-type":"","background-media":"","overlay-type":"","overlay-color":"","overlay-opacity":"","overlay-gradient":""},"mobile":{"background-color":"","background-image":"","background-repeat":"repeat","background-position":"center center","background-size":"auto","background-attachment":"scroll","background-type":"","background-media":"","overlay-type":"","overlay-color":"","overlay-opacity":"","overlay-gradient":""}},"ast-content-background-meta":{"desktop":{"background-color":"var(--ast-global-color-5)","background-image":"","background-repeat":"repeat","background-position":"center center","background-size":"auto","background-attachment":"scroll","background-type":"","background-media":"","overlay-type":"","overlay-color":"","overlay-opacity":"","overlay-gradient":""},"tablet":{"background-color":"var(--ast-global-color-5)","background-image":"","background-repeat":"repeat","background-position":"center center","background-size":"auto","background-attachment":"scroll","background-type":"","background-media":"","overlay-type":"","overlay-color":"","overlay-opacity":"","overlay-gradient":""},"mobile":{"background-color":"var(--ast-global-color-5)","background-image":"","background-repeat":"repeat","background-position":"center center","background-size":"auto","background-attachment":"scroll","background-type":"","background-media":"","overlay-type":"","overlay-color":"","overlay-opacity":"","overlay-gradient":""}},"footnotes":""},"_links":{"self":[{"href":"https:\/\/www.jardins-romegas-provence.com\/en\/wp-json\/wp\/v2\/pages\/2311"}],"collection":[{"href":"https:\/\/www.jardins-romegas-provence.com\/en\/wp-json\/wp\/v2\/pages"}],"about":[{"href":"https:\/\/www.jardins-romegas-provence.com\/en\/wp-json\/wp\/v2\/types\/page"}],"author":[{"embeddable":true,"href":"https:\/\/www.jardins-romegas-provence.com\/en\/wp-json\/wp\/v2\/users\/1"}],"replies":[{"embeddable":true,"href":"https:\/\/www.jardins-romegas-provence.com\/en\/wp-json\/wp\/v2\/comments?post=2311"}],"version-history":[{"count":8,"href":"https:\/\/www.jardins-romegas-provence.com\/en\/wp-json\/wp\/v2\/pages\/2311\/revisions"}],"predecessor-version":[{"id":2382,"href":"https:\/\/www.jardins-romegas-provence.com\/en\/wp-json\/wp\/v2\/pages\/2311\/revisions\/2382"}],"wp:attachment":[{"href":"https:\/\/www.jardins-romegas-provence.com\/en\/wp-json\/wp\/v2\/media?parent=2311"}],"curies":[{"name":"wp","href":"https:\/\/api.w.org\/{rel}","templated":true}]}}